{"id":1726,"date":"2026-03-20T21:37:57","date_gmt":"2026-03-20T20:37:57","guid":{"rendered":"https:\/\/pascalpierree.com\/?post_type=product&#038;p=1726"},"modified":"2026-03-20T21:48:22","modified_gmt":"2026-03-20T20:48:22","slug":"pendule-radiesthesie-egypte","status":"publish","type":"product","link":"https:\/\/pascalpierree.com\/index.php\/produit\/pendule-radiesthesie-egypte\/","title":{"rendered":"Pendule radiesth\u00e9sie \u00ab\u00a0Egypte\u00a0\u00bb"},"content":{"rendered":"<p data-path-to-node=\"4\"><b data-path-to-node=\"4\" data-index-in-node=\"0\">Pendule de Radiesth\u00e9sie en Laiton &#8211; Th\u00e8me \u00c9gypte Antique<br \/>\n<\/b>D\u00e9couvrez ce pendule de radiesth\u00e9sie en laiton massif, un outil fiable con\u00e7u pour vous accompagner dans vos recherches \u00e9nerg\u00e9tiques.<\/p>\n<p data-path-to-node=\"6\"><b data-path-to-node=\"6\" data-index-in-node=\"0\">Une gravure artisanale charg\u00e9e de sens<br \/>\n<\/b>Ce mod\u00e8le est unique car il est <b data-path-to-node=\"7\" data-index-in-node=\"32\">grav\u00e9 par mes soins<\/b> dans mon atelier. J&rsquo;ai choisi de r\u00e9aliser une frise <b data-path-to-node=\"7\" data-index-in-node=\"104\">continue<\/b> tout autour du corps du pendule, reprenant trois symboles majeurs de l&rsquo;\u00c9gypte ancienne :<br \/>\n<b data-path-to-node=\"8,0,0\" data-index-in-node=\"0\">Le Scarab\u00e9e :<\/b> Symbole de renaissance et de protection.<br \/>\n<b data-path-to-node=\"8,1,0\" data-index-in-node=\"0\">L&rsquo;\u0152il d&rsquo;Horus :<\/b> Symbole de vision claire et de protection divine.<br \/>\n<b data-path-to-node=\"8,2,0\" data-index-in-node=\"0\">L&rsquo;Ankh \u2625 :<\/b> Symbole de la vie \u00e9ternelle.<br \/>\nLa gravure est profonde et durable, inscrivant ces symboles de force et de clart\u00e9 directement dans le m\u00e9tal.<\/p>\n<p data-path-to-node=\"10\"><b data-path-to-node=\"10\" data-index-in-node=\"0\">\u00a0La chambre \u00e0 t\u00e9moin d\u00e9vissable pour des recherches cibl\u00e9es<br \/>\n<\/b>La pointe de ce pendule se d\u00e9visse pour r\u00e9v\u00e9ler une <b data-path-to-node=\"11\" data-index-in-node=\"52\">chambre \u00e0 t\u00e9moin int\u00e9gr\u00e9e<\/b>.<br \/>\nCette fonctionnalit\u00e9 est un atout majeur pour vos recherches en radiesth\u00e9sie. En y ins\u00e9rant un \u00ab\u00a0t\u00e9moin\u00a0\u00bb (une m\u00e8che de cheveux, un papier avec un nom, un \u00e9chantillon de mati\u00e8re, une photo r\u00e9duite, etc.), vous focalisez la recherche sur la vibration sp\u00e9cifique de votre cible. Cela augmente consid\u00e9rablement la pr\u00e9cision de vos r\u00e9ponses.<\/p>\n<p data-path-to-node=\"13\"><b data-path-to-node=\"13\" data-index-in-node=\"0\">Un outil durable et esth\u00e9tique<br \/>\n<\/b>Fabriqu\u00e9 en laiton, ce pendule est \u00e0 la fois robuste et \u00e9l\u00e9gant. Sa forme \u00e9quilibr\u00e9e offre une prise en main agr\u00e9able et une r\u00e9activit\u00e9 optimale pour vos s\u00e9ances de radiesth\u00e9sie. C&rsquo;est un outil durable, pr\u00eat \u00e0 vous servir pendant de nombreuses ann\u00e9es.<\/p>\n","protected":false},"excerpt":{"rendered":"<p><b data-path-to-node=\"4,0\" data-index-in-node=\"0\">Outil id\u00e9al pour vos recherches en radiesth\u00e9sie<\/b>, ce pendule en laiton poli est <strong>finement<\/strong> <b data-path-to-node=\"4,0\" data-index-in-node=\"79\">grav\u00e9 artisanalement par mes soins<\/b>. Il arbore une frise <b data-path-to-node=\"4,0\" data-index-in-node=\"135\">continue<\/b> tout autour de son corps, reprenant des symboles puissants de l&rsquo;\u00c9gypte ancienne : le scarab\u00e9e pour la renaissance, l&rsquo;\u0153il d&rsquo;Horus pour la protection et la vision, et l&rsquo;Ankh pour la vie. Ce mod\u00e8le comporte \u00e9galement une <b data-path-to-node=\"4,0\" data-index-in-node=\"362\">chambre \u00e0 t\u00e9moin d\u00e9vissable<\/b>.<\/p>\n","protected":false},"featured_media":1727,"template":"","meta":[],"product_brand":[],"product_cat":[21],"product_tag":[],"class_list":{"0":"post-1726","1":"product","2":"type-product","3":"status-publish","4":"has-post-thumbnail","6":"product_cat-mes-objets-graves","8":"first","9":"instock","10":"shipping-taxable","11":"purchasable","12":"product-type-simple"},"jetpack_likes_enabled":true,"_links":{"self":[{"href":"https:\/\/pascalpierree.com\/index.php\/wp-json\/wp\/v2\/product\/1726","targetHints":{"allow":["GET"]}}],"collection":[{"href":"https:\/\/pascalpierree.com\/index.php\/wp-json\/wp\/v2\/product"}],"about":[{"href":"https:\/\/pascalpierree.com\/index.php\/wp-json\/wp\/v2\/types\/product"}],"wp:featuredmedia":[{"embeddable":true,"href":"https:\/\/pascalpierree.com\/index.php\/wp-json\/wp\/v2\/media\/1727"}],"wp:attachment":[{"href":"https:\/\/pascalpierree.com\/index.php\/wp-json\/wp\/v2\/media?parent=1726"}],"wp:term":[{"taxonomy":"product_brand","embeddable":true,"href":"https:\/\/pascalpierree.com\/index.php\/wp-json\/wp\/v2\/product_brand?post=1726"},{"taxonomy":"product_cat","embeddable":true,"href":"https:\/\/pascalpierree.com\/index.php\/wp-json\/wp\/v2\/product_cat?post=1726"},{"taxonomy":"product_tag","embeddable":true,"href":"https:\/\/pascalpierree.com\/index.php\/wp-json\/wp\/v2\/product_tag?post=1726"}],"curies":[{"name":"wp","href":"https:\/\/api.w.org\/{rel}","templated":true}]}}