{"id":1529,"date":"2026-03-04T00:18:04","date_gmt":"2026-03-03T23:18:04","guid":{"rendered":"https:\/\/pascalpierree.com\/?post_type=product&#038;p=1529"},"modified":"2026-03-28T06:45:16","modified_gmt":"2026-03-28T05:45:16","slug":"fleur-de-vie-en-cerisier","status":"publish","type":"product","link":"https:\/\/pascalpierree.com\/index.php\/produit\/fleur-de-vie-en-cerisier\/","title":{"rendered":"Fleur de Vie en Ch\u00eane"},"content":{"rendered":"<p data-path-to-node=\"13,0\"><b data-path-to-node=\"13,0\" data-index-in-node=\"0\">Le pouvoir de la G\u00e9om\u00e9trie Sacr\u00e9e chez vous<\/b><\/p>\n<p data-path-to-node=\"13,0\">Symbole universel de cr\u00e9ation et de vitalit\u00e9, la Fleur de Vie \u00e9met une fr\u00e9quence vibratoire puissante. Cette fleur de vie n&rsquo;est pas qu&rsquo;un bel objet de d\u00e9coration, c&rsquo;est un support actif d&rsquo;harmonisation.<\/p>\n<p data-path-to-node=\"13,0\"><b data-path-to-node=\"13,1\" data-index-in-node=\"0\">Comment utiliser votre Fleur de Vie ?<\/b><\/p>\n<ul>\n<li data-path-to-node=\"13,0\"><b style=\"font-size: 1rem;\" data-path-to-node=\"13,2,0,0\" data-index-in-node=\"0\">Lithoth\u00e9rapie :<\/b><span style=\"font-size: 1rem;\"> Posez vos pierres, cristaux et bijoux (bracelets, pendules) dessus toute une nuit pour les purifier et les recharger en \u00e9nergie douce.<\/span><\/li>\n<li data-path-to-node=\"13,0\"><b data-path-to-node=\"13,2,1,0\" data-index-in-node=\"0\">Vitalit\u00e9 :<\/b> Placez votre verre d&rsquo;eau, votre gourde ou vos compl\u00e9ments alimentaires pour en dynamiser les propri\u00e9t\u00e9s.<\/li>\n<li><b data-path-to-node=\"13,2,2,0\" data-index-in-node=\"0\">M\u00e9ditation &amp; Soins :<\/b> Un support parfait \u00e0 placer dans votre espace de soin ou de m\u00e9ditation pour \u00e9lever le taux vibratoire de la pi\u00e8ce.<\/li>\n<\/ul>\n<p data-path-to-node=\"13,3\"><strong>Passionn\u00e9 de gravure depuis des ann\u00e9es<\/strong>, j&rsquo;ai \u00e0 c\u0153ur de vous proposer un<strong> travail soign\u00e9 et de qualit\u00e9<\/strong>. Pour moi, chaque pi\u00e8ce est unique : .je mets toute mon exp\u00e9rience et mes bonnes vibrations, pour que l\u2019objet que vous recevez soit chaleureux et <b data-path-to-node=\"3,0\" data-index-in-node=\"130\">vibre en harmonie avec vous.<\/b><\/p>\n","protected":false},"excerpt":{"rendered":"<p>\u00ab\u00a0Dynamisez votre quotidien avec cette Fleur de Vie grav\u00e9e avec pr\u00e9cision dans un magnifique bois de ch\u00eane. Con\u00e7u comme un v\u00e9ritable outil vibratoire, id\u00e9al pour purifier et recharger vos pierres de lithoth\u00e9rapie, vos bijoux, ou encore redynamiser votre eau et vos \u00e9lixirs. Un concentr\u00e9 d&rsquo;ondes de forme, \u00e9l\u00e9gant et naturel.\u00a0\u00bb<\/p>\n","protected":false},"featured_media":1544,"template":"","meta":[],"product_brand":[],"product_cat":[21],"product_tag":[],"class_list":{"0":"post-1529","1":"product","2":"type-product","3":"status-publish","4":"has-post-thumbnail","6":"product_cat-mes-objets-graves","8":"first","9":"instock","10":"shipping-taxable","11":"purchasable","12":"product-type-variable"},"jetpack_likes_enabled":true,"_links":{"self":[{"href":"https:\/\/pascalpierree.com\/index.php\/wp-json\/wp\/v2\/product\/1529","targetHints":{"allow":["GET"]}}],"collection":[{"href":"https:\/\/pascalpierree.com\/index.php\/wp-json\/wp\/v2\/product"}],"about":[{"href":"https:\/\/pascalpierree.com\/index.php\/wp-json\/wp\/v2\/types\/product"}],"wp:featuredmedia":[{"embeddable":true,"href":"https:\/\/pascalpierree.com\/index.php\/wp-json\/wp\/v2\/media\/1544"}],"wp:attachment":[{"href":"https:\/\/pascalpierree.com\/index.php\/wp-json\/wp\/v2\/media?parent=1529"}],"wp:term":[{"taxonomy":"product_brand","embeddable":true,"href":"https:\/\/pascalpierree.com\/index.php\/wp-json\/wp\/v2\/product_brand?post=1529"},{"taxonomy":"product_cat","embeddable":true,"href":"https:\/\/pascalpierree.com\/index.php\/wp-json\/wp\/v2\/product_cat?post=1529"},{"taxonomy":"product_tag","embeddable":true,"href":"https:\/\/pascalpierree.com\/index.php\/wp-json\/wp\/v2\/product_tag?post=1529"}],"curies":[{"name":"wp","href":"https:\/\/api.w.org\/{rel}","templated":true}]}}