{"id":149,"date":"2023-01-23T15:18:08","date_gmt":"2023-01-23T14:18:08","guid":{"rendered":"https:\/\/pascalpierree.com\/?post_type=product&#038;p=149"},"modified":"2026-03-04T01:56:39","modified_gmt":"2026-03-04T00:56:39","slug":"soin-en-presentiel","status":"publish","type":"product","link":"https:\/\/pascalpierree.com\/index.php\/produit\/soin-en-presentiel\/","title":{"rendered":"Soin en pr\u00e9sentiel"},"content":{"rendered":"<p><b>En pr\u00e9sentiel<\/b><span style=\"font-weight: 400;\">, la s\u00e9ance dure entre 1h et 1h30 ; la s\u00e9ance comprend une partie <\/span><span style=\"font-weight: 400;\">o\u00f9 <\/span><span style=\"font-weight: 400;\">l\u2019on fait l&rsquo;anamn\u00e8se de ce qui vous am\u00e8ne, et la partie \u00e9nerg\u00e9tique d\u2019environ 40 min (selon besoin).<\/span><\/p>\n","protected":false},"excerpt":{"rendered":"<p><b>En pr\u00e9sentiel<\/b><span style=\"font-weight: 400;\">, la s\u00e9ance dure entre 1h et 1h30 ; la s\u00e9ance comprend une partie <\/span><span style=\"font-weight: 400;\">o\u00f9 <\/span><span style=\"font-weight: 400;\">l\u2019on fait l&rsquo;anamn\u00e8se de ce qui vous am\u00e8ne, et la partie \u00e9nerg\u00e9tique d\u2019environ 40 min (selon besoin).<\/span><\/p>\n","protected":false},"featured_media":1377,"template":"","meta":[],"product_brand":[],"product_cat":[20],"product_tag":[],"class_list":{"0":"post-149","1":"product","2":"type-product","3":"status-publish","4":"has-post-thumbnail","6":"product_cat-soins","8":"first","9":"instock","10":"virtual","11":"purchasable","12":"product-type-simple"},"jetpack_likes_enabled":false,"_links":{"self":[{"href":"https:\/\/pascalpierree.com\/index.php\/wp-json\/wp\/v2\/product\/149","targetHints":{"allow":["GET"]}}],"collection":[{"href":"https:\/\/pascalpierree.com\/index.php\/wp-json\/wp\/v2\/product"}],"about":[{"href":"https:\/\/pascalpierree.com\/index.php\/wp-json\/wp\/v2\/types\/product"}],"wp:featuredmedia":[{"embeddable":true,"href":"https:\/\/pascalpierree.com\/index.php\/wp-json\/wp\/v2\/media\/1377"}],"wp:attachment":[{"href":"https:\/\/pascalpierree.com\/index.php\/wp-json\/wp\/v2\/media?parent=149"}],"wp:term":[{"taxonomy":"product_brand","embeddable":true,"href":"https:\/\/pascalpierree.com\/index.php\/wp-json\/wp\/v2\/product_brand?post=149"},{"taxonomy":"product_cat","embeddable":true,"href":"https:\/\/pascalpierree.com\/index.php\/wp-json\/wp\/v2\/product_cat?post=149"},{"taxonomy":"product_tag","embeddable":true,"href":"https:\/\/pascalpierree.com\/index.php\/wp-json\/wp\/v2\/product_tag?post=149"}],"curies":[{"name":"wp","href":"https:\/\/api.w.org\/{rel}","templated":true}]}}