{"id":146,"date":"2023-01-23T15:06:34","date_gmt":"2023-01-23T14:06:34","guid":{"rendered":"https:\/\/pascalpierree.com\/index.php\/produit\/album\/"},"modified":"2026-03-04T01:56:39","modified_gmt":"2026-03-04T00:56:39","slug":"album","status":"publish","type":"product","link":"https:\/\/pascalpierree.com\/index.php\/produit\/album\/","title":{"rendered":"Soin \u00e0 distance"},"content":{"rendered":"<p><strong>Soin \u00e0 distance<\/strong><\/p>\n","protected":false},"excerpt":{"rendered":"<p><span style=\"font-weight: 400;\"><b>A distance,<\/b> s\u00e9ance d\u2019environ 1h avec anamn\u00e8se et partie \u00e9nerg\u00e9tique. Pour la s\u00e9ance \u00e0 dis<\/span><span style=\"font-weight: 400;\">tance, il faut une<\/span><b> photo r\u00e9cente (imp\u00e9ratif) <\/b><span style=\"font-weight: 400;\">les noms et pr\u00e9noms de la personne (s&rsquo; il s\u2019agit d\u2019un enfant mineur).<\/span><\/p>\n","protected":false},"featured_media":1376,"template":"","meta":[],"product_brand":[],"product_cat":[20],"product_tag":[],"class_list":{"0":"post-146","1":"product","2":"type-product","3":"status-publish","4":"has-post-thumbnail","6":"product_cat-soins","8":"first","9":"instock","10":"virtual","11":"purchasable","12":"product-type-simple"},"jetpack_likes_enabled":false,"_links":{"self":[{"href":"https:\/\/pascalpierree.com\/index.php\/wp-json\/wp\/v2\/product\/146","targetHints":{"allow":["GET"]}}],"collection":[{"href":"https:\/\/pascalpierree.com\/index.php\/wp-json\/wp\/v2\/product"}],"about":[{"href":"https:\/\/pascalpierree.com\/index.php\/wp-json\/wp\/v2\/types\/product"}],"wp:featuredmedia":[{"embeddable":true,"href":"https:\/\/pascalpierree.com\/index.php\/wp-json\/wp\/v2\/media\/1376"}],"wp:attachment":[{"href":"https:\/\/pascalpierree.com\/index.php\/wp-json\/wp\/v2\/media?parent=146"}],"wp:term":[{"taxonomy":"product_brand","embeddable":true,"href":"https:\/\/pascalpierree.com\/index.php\/wp-json\/wp\/v2\/product_brand?post=146"},{"taxonomy":"product_cat","embeddable":true,"href":"https:\/\/pascalpierree.com\/index.php\/wp-json\/wp\/v2\/product_cat?post=146"},{"taxonomy":"product_tag","embeddable":true,"href":"https:\/\/pascalpierree.com\/index.php\/wp-json\/wp\/v2\/product_tag?post=146"}],"curies":[{"name":"wp","href":"https:\/\/api.w.org\/{rel}","templated":true}]}}