{"id":39,"date":"2023-01-20T09:10:23","date_gmt":"2023-01-20T08:10:23","guid":{"rendered":"https:\/\/pascalpierree.com\/?page_id=39"},"modified":"2023-04-25T15:25:06","modified_gmt":"2023-04-25T13:25:06","slug":"mes-articles","status":"publish","type":"page","link":"https:\/\/pascalpierree.com\/index.php\/mes-articles\/","title":{"rendered":"Mes articles"},"content":{"rendered":"\n<h2 class=\"wp-block-heading\">La coh\u00e9rence cardiaque <\/h2>\n\n\n\n<p><strong>D&rsquo;apr\u00e8s  le blog Coaching Expert de Nathalie Pierr\u00e9e<\/strong><br>Si vous \u00eates nouveau ici, vous voudrez sans doute t\u00e9l\u00e9charger mon cadeau : une s\u00e9ance de 15 minutes de relaxation qui va vous permettre de vous d\u00e9tendre et de r\u00e9cup\u00e9rer votre \u00e9nergie :<br><a rel=\"noreferrer noopener\" href=\"https:\/\/coaching-expert.systeme.io\/556a76ca\" data-type=\"URL\" data-id=\"https:\/\/coaching-expert.systeme.io\/556a76ca\" target=\"_blank\">Cliquez ici pour t\u00e9l\u00e9charger l&rsquo;audio gratuitement &#8230;<\/a><\/p>\n\n\n\n<p>Dans cet article, je vais vous donner un outil extr\u00eamement efficace pour g\u00e9rer votre stress quelles que soient les circonstances et pour vous sentir mieux dans votre vie quotidienne.<\/p>\n\n\n\n<blockquote class=\"wp-block-quote is-layout-flow wp-block-quote-is-layout-flow\">\n<div class=\"wp-block-media-text alignwide is-stacked-on-mobile\"><figure class=\"wp-block-media-text__media\"><img loading=\"lazy\" decoding=\"async\" width=\"417\" height=\"288\" src=\"https:\/\/pascalpierree.com\/wp-content\/uploads\/2023\/04\/Stress-au-travail.webp\" alt=\"\" class=\"wp-image-292 size-full\" srcset=\"https:\/\/pascalpierree.com\/wp-content\/uploads\/2023\/04\/Stress-au-travail.webp 417w, https:\/\/pascalpierree.com\/wp-content\/uploads\/2023\/04\/Stress-au-travail-300x207.webp 300w\" sizes=\"auto, (max-width: 417px) 100vw, 417px\" \/><\/figure><div class=\"wp-block-media-text__content\">\n<pre class=\"wp-block-verse\">Aujourd\u2019hui, on parle de plus en plus de stress, de burn-out que ce soit au travail ou \u00e0 la maison, nous subissons de plus en plus de pression. Nous devons \u00eatre performant, disponible, r\u00e9actif, polyvalent, adaptable\u2026. Bref, toujours au top. Cette situation engendre un stress chronique qui peut d\u00e9clencher des maladies.\r\nIl y a aussi une autre forme de stress que nous connaissons tous, c\u2019est le stress avant un examen, un rendez-vous important, avant d\u2019affronter une situation nouvelle pour nous ou apr\u00e8s une dispute.<\/pre>\n\n\n\n<p><\/p>\n<\/div><\/div>\n\n\n\n<p><\/p>\n<\/blockquote>\n\n\n\n<p class=\"has-text-align-justify\">L\u2019outil que je vais vous faire d\u00e9couvrir aujourd\u2019hui permet de lutter en quelques minutes sur le stress imm\u00e9diat mais c\u2019est aussi un moyen de pr\u00e9vention contre les effets du stress \u00e0 long terme.<br>Cet outil c\u2019est la coh\u00e9rence cardiaque. C\u2019est une m\u00e9thode extr\u00eamement simple mais incroyablement efficace.<\/p>\n\n\n\n<p><a href=\"https:\/\/www.lili-coaching.com\/sos-comment-eliminer-le-stress\/\" data-type=\"URL\" data-id=\"https:\/\/www.lili-coaching.com\/sos-comment-eliminer-le-stress\/\" target=\"_blank\" rel=\"noreferrer noopener\">Lire la suite ici<\/a><\/p>\n\n\n\n<p class=\"has-small-font-size\">Pascal Pierr\u00e9e, mai 2023<\/p>\n\n\n\n<h2 class=\"wp-block-heading\">L&rsquo;harmonisation \u00e9motionnelle<\/h2>\n\n\n\n<div class=\"wp-block-media-text alignfull is-stacked-on-mobile\" style=\"grid-template-columns:32% auto\"><figure class=\"wp-block-media-text__media\"><img loading=\"lazy\" decoding=\"async\" width=\"276\" height=\"231\" src=\"https:\/\/pascalpierree.com\/wp-content\/uploads\/2023\/01\/Article-harmonisation.jpg\" alt=\"\" class=\"wp-image-179 size-full\"\/><\/figure><div class=\"wp-block-media-text__content\">\n<blockquote class=\"wp-block-quote is-layout-flow wp-block-quote-is-layout-flow\">\n<pre class=\"wp-block-verse\">Lors de mes s\u00e9ances, je peux \u00eatre amen\u00e9 \u00e0 utiliser diff\u00e9rentes techniques, notamment l\u2019harmonisation \u00e9motionnelle.\n\n<strong>Mais comment expliquer cet outil ?<\/strong>\nImaginez que vous organisez un grand d\u00eener et que vos \u00e9motions en sont les invit\u00e9s.\nCertaines \u00e9motions sont comme des invit\u00e9s de marque, toujours \u00e9l\u00e9gants et bien \u00e9lev\u00e9s, qui apportent de la joie et de la bonne humeur \u00e0 la soir\u00e9e.\nD\u2019autres \u00e9motions par contre, sont des invit\u00e9s un peu trop ivres qui finissent par causer des probl\u00e8mes et g\u00e2cher la soir\u00e9e pour tout le monde.\nEt puis il y a des \u00e9motions comme des invit\u00e9s silencieux qui passent inaper\u00e7us toute la soir\u00e9e, mais qui ont un impact sur l\u2019ambiance g\u00e9n\u00e9rale.<\/pre>\n<\/blockquote>\n<\/div><\/div>\n\n\n\n<p class=\"has-text-align-justify\">L\u2019harmonisation \u00e9motionnelle, c\u2019est comme \u00eatre le ma\u00eetre de c\u00e9r\u00e9monie de ce d\u00eener, vous pouvez apprendre \u00e0 mieux g\u00e9rer ces invit\u00e9s, \u00e0 les mettre \u00e0 leur place et \u00e0 les rendre plus agr\u00e9able pour tout le monde.<br>Vous pouvez \u00e9galement convier des invit\u00e9s suppl\u00e9mentaires, comme la gratitude et la compassion pour am\u00e9liorer l\u2019ambiance g\u00e9n\u00e9rale.<br>Vous pouvez m\u00eame \u00e9viter d\u2019en inviter certains, comme la col\u00e8re et la tristesse\u2026<br>En bref, l\u2019harmonisation \u00e9motionnelle c\u2019est \u00eatre le ma\u00eetre de c\u00e9r\u00e9monie de votre propre d\u00eener \u00e9motionnel, elle vous apprendra \u00e0 mieux g\u00e9rer vos invit\u00e9s et \u00e0 les rendre plus agr\u00e9ables pour tout le monde, y compris pour vous-m\u00eame.<\/p>\n\n\n\n<p class=\"has-small-font-size\">Pascal Pierr\u00e9e, avril 2023<\/p>\n\n\n\n<h2 class=\"wp-block-heading\">Le magn\u00e9tisme<\/h2>\n\n\n\n<p class=\"has-text-align-justify\">M\u00eame si la pratique de l\u2019imposition des mains remonte \u00e0 des temps imm\u00e9moriaux, qu\u2019elle ait \u00e9t\u00e9 utilis\u00e9e par des chamanes, des gu\u00e9risseurs, des pr\u00eatres, il faut remonter au XVIIIe si\u00e8cle pour que l\u2019on commence \u00e0 la nommer \u2018\u2019magn\u00e9tisme\u2019\u2019.<\/p>\n\n\n\n<blockquote class=\"wp-block-quote is-layout-flow wp-block-quote-is-layout-flow\">\n<div class=\"wp-block-media-text alignwide is-stacked-on-mobile\"><figure class=\"wp-block-media-text__media\"><img loading=\"lazy\" decoding=\"async\" width=\"1016\" height=\"1024\" src=\"https:\/\/pascalpierree.com\/wp-content\/uploads\/2023\/01\/mesmer-in-action-1016x1024.jpg\" alt=\"\" class=\"wp-image-99 size-full\" srcset=\"https:\/\/pascalpierree.com\/wp-content\/uploads\/2023\/01\/mesmer-in-action-1016x1024.jpg 1016w, https:\/\/pascalpierree.com\/wp-content\/uploads\/2023\/01\/mesmer-in-action-100x100.jpg 100w, https:\/\/pascalpierree.com\/wp-content\/uploads\/2023\/01\/mesmer-in-action-600x605.jpg 600w, https:\/\/pascalpierree.com\/wp-content\/uploads\/2023\/01\/mesmer-in-action-298x300.jpg 298w, https:\/\/pascalpierree.com\/wp-content\/uploads\/2023\/01\/mesmer-in-action-150x150.jpg 150w, https:\/\/pascalpierree.com\/wp-content\/uploads\/2023\/01\/mesmer-in-action-768x774.jpg 768w, https:\/\/pascalpierree.com\/wp-content\/uploads\/2023\/01\/mesmer-in-action-1524x1536.jpg 1524w, https:\/\/pascalpierree.com\/wp-content\/uploads\/2023\/01\/mesmer-in-action-1191x1200.jpg 1191w, https:\/\/pascalpierree.com\/wp-content\/uploads\/2023\/01\/mesmer-in-action-1320x1330.jpg 1320w, https:\/\/pascalpierree.com\/wp-content\/uploads\/2023\/01\/mesmer-in-action.jpg 1900w\" sizes=\"auto, (max-width: 1016px) 100vw, 1016px\" \/><\/figure><div class=\"wp-block-media-text__content\">\n<pre class=\"wp-block-verse\">Plus exactement en 1778, quand Franz Anton Mesmer pr\u00e9sente son <em>M\u00e9moire sur la d\u00e9couverte du magn\u00e9tisme animal<\/em>, il y \u00e9crit entre autre que :<br>\"Chaque individu poss\u00e8de un fluide physique, naturel et subtil qui le relie \u00e0 son environnement et aux autres hommes...\"<br>\"La maladie est un blocage de ce fluide, et que le magn\u00e9tiseur va aider, \u00e0 l\u2019aide de techniques et de passes magn\u00e9tiques, \u00e0 fluidifier le blocage\u2026\u201d<\/pre>\n\n\n\n<p><\/p>\n<\/div><\/div>\n\n\n\n<p><\/p>\n<\/blockquote>\n\n\n\n<p class=\"has-text-align-justify\">Le magn\u00e9tisme se r\u00e9v\u00e8le donc \u00eatre une discipline \u00e9nerg\u00e9tique, qui s&rsquo;inscrit dans un accompagnement de la personne, avec pour but, d\u2019aider le \u201cmagn\u00e9tis\u00e9\u201d \u00e0 retrouver un \u00e9quilibre et un lien avec son environnement.<\/p>\n\n\n\n<p class=\"has-small-font-size\">Pascal Pierr\u00e9e, mars 2023<\/p>\n","protected":false},"excerpt":{"rendered":"<p>La coh\u00e9rence cardiaque D&rsquo;apr\u00e8s le blog Coaching Expert de Nathalie Pierr\u00e9eSi vous \u00eates nouveau ici, vous voudrez sans doute t\u00e9l\u00e9charger mon cadeau : une s\u00e9ance de 15 minutes de relaxation qui va vous permettre de vous d\u00e9tendre et de r\u00e9cup\u00e9rer votre \u00e9nergie :Cliquez ici pour t\u00e9l\u00e9charger l&rsquo;audio gratuitement &#8230; Dans cet article, je vais vous &hellip; <\/p>\n<p class=\"link-more\"><a href=\"https:\/\/pascalpierree.com\/index.php\/mes-articles\/\" class=\"more-link\">Continue reading<span class=\"screen-reader-text\"> \u00ab\u00a0Mes articles\u00a0\u00bb<\/span><\/a><\/p>\n","protected":false},"author":1,"featured_media":0,"parent":0,"menu_order":0,"comment_status":"closed","ping_status":"closed","template":"","meta":{"footnotes":""},"class_list":["post-39","page","type-page","status-publish","hentry"],"jetpack_likes_enabled":true,"_links":{"self":[{"href":"https:\/\/pascalpierree.com\/index.php\/wp-json\/wp\/v2\/pages\/39","targetHints":{"allow":["GET"]}}],"collection":[{"href":"https:\/\/pascalpierree.com\/index.php\/wp-json\/wp\/v2\/pages"}],"about":[{"href":"https:\/\/pascalpierree.com\/index.php\/wp-json\/wp\/v2\/types\/page"}],"author":[{"embeddable":true,"href":"https:\/\/pascalpierree.com\/index.php\/wp-json\/wp\/v2\/users\/1"}],"replies":[{"embeddable":true,"href":"https:\/\/pascalpierree.com\/index.php\/wp-json\/wp\/v2\/comments?post=39"}],"version-history":[{"count":17,"href":"https:\/\/pascalpierree.com\/index.php\/wp-json\/wp\/v2\/pages\/39\/revisions"}],"predecessor-version":[{"id":296,"href":"https:\/\/pascalpierree.com\/index.php\/wp-json\/wp\/v2\/pages\/39\/revisions\/296"}],"wp:attachment":[{"href":"https:\/\/pascalpierree.com\/index.php\/wp-json\/wp\/v2\/media?parent=39"}],"curies":[{"name":"wp","href":"https:\/\/api.w.org\/{rel}","templated":true}]}}