{"id":221,"date":"2023-02-07T11:21:51","date_gmt":"2023-02-07T10:21:51","guid":{"rendered":"https:\/\/pascalpierree.com\/?page_id=221"},"modified":"2023-02-07T11:44:59","modified_gmt":"2023-02-07T10:44:59","slug":"liens-utiles","status":"publish","type":"page","link":"https:\/\/pascalpierree.com\/index.php\/liens-utiles\/","title":{"rendered":"Liens utiles"},"content":{"rendered":"\n<figure class=\"wp-block-pullquote has-small-font-size\"><blockquote><p>Zooth\u00e9rapie : d\u00e9finition, histoire et bienfaits de la m\u00e9diation animale<\/p><cite>PAR ALEXANDRA DEL BANO &amp; JIMMY BRAUN<\/cite><\/blockquote><\/figure>\n\n\n\n<div class=\"wp-block-buttons is-layout-flex wp-block-buttons-is-layout-flex\">\n<div class=\"wp-block-button\"><a class=\"wp-block-button__link wp-element-button\" href=\"https:\/\/www.le-guide-sante.org\/actualites\/forme-et-bien-etre\/zootherapie-bienfaits-mediation-animale\" target=\"_blank\" rel=\"noreferrer noopener\">en savoir plus &#8230;<\/a><\/div>\n<\/div>\n\n\n\n<figure class=\"wp-block-video\"><video height=\"720\" style=\"aspect-ratio: 1280 \/ 720;\" width=\"1280\" controls src=\"https:\/\/pascalpierree.com\/wp-content\/uploads\/2023\/02\/Les-bienfaits-du-contact-avec-les-animaux-par-la-zootherapie.mp4\" playsinline><\/video><\/figure>\n\n\n\n<figure class=\"wp-block-pullquote has-small-font-size\"><blockquote><p>L\u2019univers virtuel a ouvert de nouvelles perspectives. Que penser de cette id\u00e9e de ludoth\u00e9rapie et surtout comment la d\u00e9finir?<\/p><cite>Avec Sarah Gautr\u00e9 Clown Hospitali\u00e8re<br>Xavier Pommereau psychiatre, chef du p\u00f4le aquitain de l&rsquo;adolescent au CHU de Bordeaux<br>Emission pr\u00e9sent\u00e9e par Maylis Besserie<\/cite><\/blockquote><\/figure>\n\n\n\n<div class=\"wp-block-buttons is-layout-flex wp-block-buttons-is-layout-flex\">\n<div class=\"wp-block-button\"><a class=\"wp-block-button__link wp-element-button\" href=\"https:\/\/www.radiofrance.fr\/franceculture\/podcasts\/les-nouvelles-vagues\/ludotherapies-jouer-pour-guerir-7051663\" target=\"_blank\" rel=\"noreferrer noopener\">en savoir plus &#8230;<\/a><\/div>\n<\/div>\n\n\n\n<figure class=\"wp-block-video\"><video height=\"360\" style=\"aspect-ratio: 622 \/ 360;\" width=\"622\" controls src=\"https:\/\/pascalpierree.com\/wp-content\/uploads\/2023\/02\/Le-Rire-Medecin-Jour-de-clowns-1.mp4\" playsinline><\/video><\/figure>\n","protected":false},"excerpt":{"rendered":"<p>Zooth\u00e9rapie : d\u00e9finition, histoire et bienfaits de la m\u00e9diation animale PAR ALEXANDRA DEL BANO &amp; JIMMY BRAUN L\u2019univers virtuel a ouvert de nouvelles perspectives. Que penser de cette id\u00e9e de ludoth\u00e9rapie et surtout comment la d\u00e9finir? Avec Sarah Gautr\u00e9 Clown Hospitali\u00e8reXavier Pommereau psychiatre, chef du p\u00f4le aquitain de l&rsquo;adolescent au CHU de BordeauxEmission pr\u00e9sent\u00e9e par &hellip; <\/p>\n<p class=\"link-more\"><a href=\"https:\/\/pascalpierree.com\/index.php\/liens-utiles\/\" class=\"more-link\">Continue reading<span class=\"screen-reader-text\"> \u00ab\u00a0Liens utiles\u00a0\u00bb<\/span><\/a><\/p>\n","protected":false},"author":1,"featured_media":0,"parent":0,"menu_order":0,"comment_status":"closed","ping_status":"closed","template":"","meta":{"footnotes":""},"class_list":["post-221","page","type-page","status-publish","hentry"],"jetpack_likes_enabled":true,"_links":{"self":[{"href":"https:\/\/pascalpierree.com\/index.php\/wp-json\/wp\/v2\/pages\/221","targetHints":{"allow":["GET"]}}],"collection":[{"href":"https:\/\/pascalpierree.com\/index.php\/wp-json\/wp\/v2\/pages"}],"about":[{"href":"https:\/\/pascalpierree.com\/index.php\/wp-json\/wp\/v2\/types\/page"}],"author":[{"embeddable":true,"href":"https:\/\/pascalpierree.com\/index.php\/wp-json\/wp\/v2\/users\/1"}],"replies":[{"embeddable":true,"href":"https:\/\/pascalpierree.com\/index.php\/wp-json\/wp\/v2\/comments?post=221"}],"version-history":[{"count":11,"href":"https:\/\/pascalpierree.com\/index.php\/wp-json\/wp\/v2\/pages\/221\/revisions"}],"predecessor-version":[{"id":238,"href":"https:\/\/pascalpierree.com\/index.php\/wp-json\/wp\/v2\/pages\/221\/revisions\/238"}],"wp:attachment":[{"href":"https:\/\/pascalpierree.com\/index.php\/wp-json\/wp\/v2\/media?parent=221"}],"curies":[{"name":"wp","href":"https:\/\/api.w.org\/{rel}","templated":true}]}}