{"id":2,"date":"2023-01-18T19:51:41","date_gmt":"2023-01-18T18:51:41","guid":{"rendered":"http:\/\/pascalpierree.com\/?page_id=2"},"modified":"2023-04-25T16:08:17","modified_gmt":"2023-04-25T14:08:17","slug":"page-d-exemple","status":"publish","type":"page","link":"https:\/\/pascalpierree.com\/","title":{"rendered":"Accueil"},"content":{"rendered":"\n<div class=\"wp-block-group\"><div class=\"wp-block-group__inner-container is-layout-constrained wp-block-group-is-layout-constrained\">\n<h2 class=\"wp-block-heading\">Bienvenue<\/h2>\n\n\n\n<p class=\"has-text-align-justify\">Si vous \u00eates arriv\u00e9 sur ce site, c&rsquo;est que vous \u00eates \u00e0 la recherche d\u2019un magn\u00e9tiseur, soit pour vous accompagner et vous aider dans la gestion de maux, soit pour faire de la pr\u00e9vention sant\u00e9, soit pour votre propre cheminement spirituel\u2026 quoiqu\u2019il en soit, vous voici ici, et j\u2019en suis ravi.<br>Ce site est tout jeune, et il va \u00eatre en perp\u00e9tuelle \u00e9volution, tout comme nous qui pouvons l\u2019\u00eatre tout au long de notre vie.<br>Vous y trouverez des informations concernant les soins, les s\u00e9ances, la possibilit\u00e9 d\u2019en r\u00e9server. Mais je vous partagerai \u00e9galement des m\u00e9ditations, des auto hypnoses, des trucs et astuces qui m\u2019ont aid\u00e9 tout au long de mon cheminement.<br>N\u2019h\u00e9sitez pas \u00e0 revenir souvent\u2026<\/p>\n<\/div><\/div>\n\n\n\n<div class=\"wp-block-group\"><div class=\"wp-block-group__inner-container is-layout-constrained wp-block-group-is-layout-constrained\">\n<div class=\"wp-block-group\"><div class=\"wp-block-group__inner-container is-layout-constrained wp-block-group-is-layout-constrained\">\n<h2 class=\"wp-block-heading\">Magn\u00e9tiseur\/\u00c9nerg\u00e9ticien, quelle diff\u00e9rence ?<\/h2>\n\n\n\n<p class=\"has-text-align-justify\">L\u2019\u00e9nergie qu\u2019utilise le magn\u00e9tiseur est sa propre r\u00e9serve d\u2019\u00e9nergie, quant \u00e0 l\u2019\u00e9nerg\u00e9ticien, il va \u00eatre canal de l\u2019\u00e9nergie qui l\u2019entoure pour la canaliser et ensuite la rediriger sur les zones \u00e0 traiter.<br>Tout le monde peut \u00eatre canal, apprendre \u00e0 ressentir et \u00e0 canaliser l\u2019\u00e9nergie, (mais nous en reparlerons un peu plus loin lors d\u2019exercices que je fournirai sur ce site).<br>En ce qui me concerne, j\u2019utilise les deux, en fonction de mon \u00e9tat, de celui de la personne, je vais puiser et utiliser la source la plus \u00e0 m\u00eame de r\u00e9pondre aux besoins demand\u00e9s.<\/p>\n\n\n\n<div class=\"wp-block-group\"><div class=\"wp-block-group__inner-container is-layout-constrained wp-block-group-is-layout-constrained\">\n<h2 class=\"wp-block-heading\">D\u00e9roul\u00e9 d\u2019une s\u00e9ance<\/h2>\n\n\n\n<div class=\"wp-block-group\"><div class=\"wp-block-group__inner-container is-layout-constrained wp-block-group-is-layout-constrained\">\n<p>Une s\u00e9ance dure environ 1h30. Voici g\u00e9n\u00e9ralement son d\u00e9roul\u00e9 :<\/p>\n\n\n\n<p><strong>Anamn\u00e8se :<\/strong> nous discuterons de vos besoins et de vos attentes, et je vais \u00e9valuer les zones \u00e0 travailler pour mieux comprendre votre situation et apporter une r\u00e9ponse personnalis\u00e9e et adapt\u00e9e \u00e0 vos besoins.<\/p>\n\n\n\n<p><strong>Travail \u00e9nerg\u00e9tique (environ 40 min ) :<\/strong> je vais utiliser l&rsquo;imposition des mains \u00e0 quelques centim\u00e8tres au-dessus des zones \u00e0 traiter pour apporter une r\u00e9 harmonisation des centres \u00e9nerg\u00e9tiques et de ces zones.<br>Debrief : ensemble, nous allons revenir sur nos ressentis lors de la s\u00e9ance.<\/p>\n\n\n\n<p><strong>Conseils et recommandations :<\/strong> enfin, je vais vous donner des conseils et des recommandations pour vous aider \u00e0 poursuivre votre chemin vers le bien-\u00eatre.<\/p>\n<\/div><\/div>\n<\/div><\/div>\n<\/div><\/div>\n<\/div><\/div>\n\n\n\n<blockquote class=\"wp-block-quote is-layout-flow wp-block-quote-is-layout-flow\">\n<figure class=\"wp-block-pullquote has-small-font-size\" style=\"border-width:2px;border-radius:22px\"><blockquote><p>\u00a0\u00bb Les maux du corps sont les maux de l\u2019\u00e2me,<br>ainsi on ne doit pas chercher \u00e0 gu\u00e9rir le corps sans chercher \u00e0 gu\u00e9rir l\u2019\u00e2me.\u00a0\u00bb<\/p><cite><em>Platon<\/em><\/cite><\/blockquote><\/figure>\n<\/blockquote>\n\n\n\n<h2 class=\"wp-block-heading\">Qui suis-je ?<\/h2>\n\n\n\n<p class=\"has-text-align-justify\">Bonjour, je m\u2019appelle Pascal, j\u2019ai \u00e9t\u00e9 tour \u00e0 tour artisan, commer\u00e7ant et chef d&rsquo;entreprise et j\u2019ai le privil\u00e8ge d\u2019exercer comme magn\u00e9tiseur.<br>Des rencontres, des ressentis m\u2019ont amen\u00e9 assez t\u00f4t \u00e0 prendre conscience du potentiel \u00e9nerg\u00e9tique qui \u00e9tait en chacun de nous, mais la vie m\u2019a emmen\u00e9 sur d\u2019autres chemins et je me suis peu \u00e0 peu d\u00e9tourn\u00e9 de cet \u00e9quilibre.<br>C\u2019est \u00e0 la suite de nombreux probl\u00e8mes de sant\u00e9 et d\u2019un <em>burn out<\/em>, que j\u2019ai cherch\u00e9 \u00e0 donner plus de sens \u00e0 ma vie.<br>Mon parcours m\u2019a amen\u00e9 \u00e0 me former aupr\u00e8s de plusieurs magn\u00e9tiseurs, afin de comprendre, d\u00e9velopper et ma\u00eetriser mes ressentis sur les \u00e9nergies.<br>Le travail sur les \u00e9nergies a ceci de fantastique : il change les vibrations de l&rsquo;int\u00e9rieur; modifie votre fr\u00e9quence pour vous faire vibrer de la plus haute des fa\u00e7ons, et c&rsquo;est avec un immense plaisir que j&rsquo;aimerais partager ceci avec vous.<\/p>\n\n\n\n<figure class=\"wp-block-pullquote has-small-font-size\" style=\"border-width:2px;border-radius:22px\"><blockquote><p>\u201cJe connus une seconde naissance,<br>quand mon \u00e2me et mon corps s&rsquo;aim\u00e8rent et s\u2019\u00e9pous\u00e8rent..\u201d<\/p><cite><em>Khalil Gibran<\/em><\/cite><\/blockquote><\/figure>\n\n\n\n<p class=\"has-text-align-center\"><strong>Mon travail s\u2019inscrit dans un cadre compl\u00e9mentaire de la m\u00e9decine, elle ne vise pas \u00e0 la remplacer, mais \u00e0 l\u2019accompagner. Il est de ce fait important de suivre les recommandations de votre m\u00e9decin.<\/strong><\/p>\n\n\n<div class=\"wp-block-image\">\n<figure class=\"aligncenter size-full\"><img loading=\"lazy\" decoding=\"async\" width=\"347\" height=\"305\" src=\"https:\/\/pascalpierree.com\/wp-content\/uploads\/2023\/01\/logo_magn_energ.png\" alt=\"\" class=\"wp-image-193\" srcset=\"https:\/\/pascalpierree.com\/wp-content\/uploads\/2023\/01\/logo_magn_energ.png 347w, https:\/\/pascalpierree.com\/wp-content\/uploads\/2023\/01\/logo_magn_energ-300x264.png 300w\" sizes=\"auto, (max-width: 347px) 100vw, 347px\" \/><\/figure>\n<\/div>","protected":false},"excerpt":{"rendered":"<p>Bienvenue Si vous \u00eates arriv\u00e9 sur ce site, c&rsquo;est que vous \u00eates \u00e0 la recherche d\u2019un magn\u00e9tiseur, soit pour vous accompagner et vous aider dans la gestion de maux, soit pour faire de la pr\u00e9vention sant\u00e9, soit pour votre propre cheminement spirituel\u2026 quoiqu\u2019il en soit, vous voici ici, et j\u2019en suis ravi.Ce site est tout &hellip; <\/p>\n<p class=\"link-more\"><a href=\"https:\/\/pascalpierree.com\/\" class=\"more-link\">Continue reading<span class=\"screen-reader-text\"> \u00ab\u00a0Accueil\u00a0\u00bb<\/span><\/a><\/p>\n","protected":false},"author":1,"featured_media":0,"parent":0,"menu_order":0,"comment_status":"closed","ping_status":"open","template":"","meta":{"footnotes":""},"class_list":["post-2","page","type-page","status-publish","hentry"],"jetpack_likes_enabled":true,"_links":{"self":[{"href":"https:\/\/pascalpierree.com\/index.php\/wp-json\/wp\/v2\/pages\/2","targetHints":{"allow":["GET"]}}],"collection":[{"href":"https:\/\/pascalpierree.com\/index.php\/wp-json\/wp\/v2\/pages"}],"about":[{"href":"https:\/\/pascalpierree.com\/index.php\/wp-json\/wp\/v2\/types\/page"}],"author":[{"embeddable":true,"href":"https:\/\/pascalpierree.com\/index.php\/wp-json\/wp\/v2\/users\/1"}],"replies":[{"embeddable":true,"href":"https:\/\/pascalpierree.com\/index.php\/wp-json\/wp\/v2\/comments?post=2"}],"version-history":[{"count":20,"href":"https:\/\/pascalpierree.com\/index.php\/wp-json\/wp\/v2\/pages\/2\/revisions"}],"predecessor-version":[{"id":311,"href":"https:\/\/pascalpierree.com\/index.php\/wp-json\/wp\/v2\/pages\/2\/revisions\/311"}],"wp:attachment":[{"href":"https:\/\/pascalpierree.com\/index.php\/wp-json\/wp\/v2\/media?parent=2"}],"curies":[{"name":"wp","href":"https:\/\/api.w.org\/{rel}","templated":true}]}}