{"id":134,"date":"2023-01-23T13:55:28","date_gmt":"2023-01-23T12:55:28","guid":{"rendered":"https:\/\/pascalpierree.com\/?page_id=134"},"modified":"2023-03-06T16:11:51","modified_gmt":"2023-03-06T15:11:51","slug":"votre-avis","status":"publish","type":"page","link":"https:\/\/pascalpierree.com\/index.php\/votre-avis\/","title":{"rendered":"Votre avis"},"content":{"rendered":"\n<div class=\"wp-block-jetpack-contact-form\" style=\"padding-top:16px;padding-right:16px;padding-bottom:16px;padding-left:16px\">[contact-field label=\"Nom\" required=\"1\" requiredtext=\"(obligatoire)\" openpopupid=\"\" type=\"name\"\/]\n\n[contact-field label=\"E-mail\" required=\"1\" requiredtext=\"(obligatoire)\" openpopupid=\"\" type=\"email\"\/]\n\n[contact-field label=\"Si vous souhaitez laisser un commentaire qui apparaitra sur mon site&#044; c&#039;est \u00e0 vous !\" requiredtext=\"(obligatoire)\" openpopupid=\"\" type=\"textarea\"\/]\n\n[contact-field label=\"Souhaitez-vous rester anonyme ?\" requiredtext=\"(obligatoire)\" options=\"Oui,Non,Faire apparaitre uniquement mon pr\u00e9nom.\" openpopupid=\"\" type=\"radio\"\/]\n\n<\/div>\n\n\n\n<figure class=\"wp-block-pullquote has-text-align-center has-small-font-size\" style=\"font-style:normal;font-weight:500\"><blockquote><p>Merci pour les soins effectu\u00e9s sur ma fille et le travail fait ensemble sur moi-m\u00eame ! N&rsquo;h\u00e9sitez pas \u00e0 consulter Pascal, c&rsquo;est une personne tr\u00e8s \u00e0 l&rsquo;\u00e9coute !<\/p><cite>Nathalie d.  \u2605\u2605\u2605\u2605\u2605<\/cite><\/blockquote><\/figure>\n\n\n\n<figure class=\"wp-block-pullquote has-small-font-size\" style=\"font-style:normal;font-weight:500\"><blockquote><p>Je remercie profond\u00e9ment Pascal pour tous les soins qu&rsquo;il a pu m&rsquo;apporter \u00e0 moi ou \u00e0 ma famille. Je fais appel \u00e0 lui en toute confiance. Et je vous le recommande vivement. Merci Pascal !<\/p><cite>Elodie o. \u2605\u2605\u2605\u2605\u2605<\/cite><\/blockquote><\/figure>\n\n\n\n<figure class=\"wp-block-pullquote has-small-font-size\" style=\"font-style:normal;font-weight:500\"><blockquote><p>Personne tr\u00e8s comp\u00e9tente, disponible, \u00e0 l&rsquo;\u00e9coute, chez qui l\u2019on peut sentir beaucoup de bienveillance.<\/p><cite>S B. \u2605\u2605\u2605\u2605\u2605<\/cite><\/blockquote><\/figure>\n","protected":false},"excerpt":{"rendered":"<p>Merci pour les soins effectu\u00e9s sur ma fille et le travail fait ensemble sur moi-m\u00eame ! N&rsquo;h\u00e9sitez pas \u00e0 consulter Pascal, c&rsquo;est une personne tr\u00e8s \u00e0 l&rsquo;\u00e9coute ! Nathalie d. \u2605\u2605\u2605\u2605\u2605 Je remercie profond\u00e9ment Pascal pour tous les soins qu&rsquo;il a pu m&rsquo;apporter \u00e0 moi ou \u00e0 ma famille. Je fais appel \u00e0 lui en &hellip; <\/p>\n<p class=\"link-more\"><a href=\"https:\/\/pascalpierree.com\/index.php\/votre-avis\/\" class=\"more-link\">Continue reading<span class=\"screen-reader-text\"> \u00ab\u00a0Votre avis\u00a0\u00bb<\/span><\/a><\/p>\n","protected":false},"author":1,"featured_media":0,"parent":0,"menu_order":0,"comment_status":"closed","ping_status":"closed","template":"","meta":{"footnotes":""},"class_list":["post-134","page","type-page","status-publish","hentry"],"jetpack_likes_enabled":true,"_links":{"self":[{"href":"https:\/\/pascalpierree.com\/index.php\/wp-json\/wp\/v2\/pages\/134","targetHints":{"allow":["GET"]}}],"collection":[{"href":"https:\/\/pascalpierree.com\/index.php\/wp-json\/wp\/v2\/pages"}],"about":[{"href":"https:\/\/pascalpierree.com\/index.php\/wp-json\/wp\/v2\/types\/page"}],"author":[{"embeddable":true,"href":"https:\/\/pascalpierree.com\/index.php\/wp-json\/wp\/v2\/users\/1"}],"replies":[{"embeddable":true,"href":"https:\/\/pascalpierree.com\/index.php\/wp-json\/wp\/v2\/comments?post=134"}],"version-history":[{"count":9,"href":"https:\/\/pascalpierree.com\/index.php\/wp-json\/wp\/v2\/pages\/134\/revisions"}],"predecessor-version":[{"id":244,"href":"https:\/\/pascalpierree.com\/index.php\/wp-json\/wp\/v2\/pages\/134\/revisions\/244"}],"wp:attachment":[{"href":"https:\/\/pascalpierree.com\/index.php\/wp-json\/wp\/v2\/media?parent=134"}],"curies":[{"name":"wp","href":"https:\/\/api.w.org\/{rel}","templated":true}]}}